{"id":358,"date":"2020-06-02T16:39:24","date_gmt":"2020-06-02T16:39:24","guid":{"rendered":"http:\/\/www.dernekdanismani.org\/?page_id=358"},"modified":"2020-06-02T16:39:24","modified_gmt":"2020-06-02T16:39:24","slug":"dernek-isimlerinde-izinle-kullanilacak-kelimeler-neler","status":"publish","type":"page","link":"http:\/\/www.dernekdanismani.org\/index.php\/dernek-isimlerinde-izinle-kullanilacak-kelimeler-neler\/","title":{"rendered":"Dernek isimlerinde \u0130zinle Kullan\u0131lacak Kelimeler neler ?"},"content":{"rendered":"\n<p>Dernek adlar\u0131nda; <strong>T\u00fcrk, T\u00fcrkiye, Milli, Cumhuriyet, Atat\u00fcrk, Mustafa Kemal<\/strong> kelimeleri ile bunlar\u0131n ba\u015f ve sonlar\u0131na getirilen eklerle olu\u015fturulan kelimeler, ilgili bakanl\u0131klar\u0131n g\u00f6r\u00fc\u015f\u00fc al\u0131nmak suretiyle Bakanl\u0131\u011f\u0131n izni ile kullan\u0131labilir.<\/p>\n\n\n\n<p>\u0130zin almak i\u00e7in ba\u015fvuracak derneklerde a\u015fa\u011f\u0131daki \u015fartlar aran\u0131r:<\/p>\n\n\n\n<p>a) En az\nbir y\u0131ldan beri faaliyette bulunmas\u0131,<\/p>\n\n\n\n<p>b) Amac\u0131 ve\nbu amac\u0131 ger\u00e7ekle\u015ftirmek i\u00e7in giri\u015fti\u011fi faaliyetler ve yapt\u0131\u011f\u0131 hizmetler ile\ngelecekte yap\u0131lmas\u0131 d\u00fc\u015f\u00fcn\u00fclen i\u015flerin; \u00fcyelerinin d\u0131\u015f\u0131nda topluma yararl\u0131\nsonu\u00e7lar verecek nitelikte olmas\u0131,<\/p>\n\n\n\n<p>c) Benzer\nama\u00e7l\u0131 dernekler aras\u0131nda en \u00e7ok \u00fcyeye sahip olmas\u0131,<\/p>\n\n\n\n<p>\u00e7) Son \u00fc\u00e7\ny\u0131l i\u00e7inde, kendi \u00fcyeleri d\u0131\u015f\u0131nda ulusal veya uluslararas\u0131 alanda yapt\u0131\u011f\u0131 en az\n\u00fc\u00e7 proje veya faaliyetini belgelendirmesi,<\/p>\n\n\n\n<p>d) Yerle\u015fim\nyerinin bulundu\u011fu il d\u0131\u015f\u0131nda, en az \u00fc\u00e7 ilde \u015fube veya temsilcili\u011finin\nbulunmas\u0131,<\/p>\n\n\n\n<p>e) Bu\nkonuda genel kurulunda karar alm\u0131\u015f olmas\u0131.<\/p>\n\n\n\n<p><strong>Ba\u015fvuru<\/strong><\/p>\n\n\n\n<p><strong> <\/strong>\u0130zin i\u00e7in ba\u015fvuracakdernekler, a\u015fa\u011f\u0131da belirtilen belgelerle birlikte ba\u015fvurular\u0131n\u0131\u00a0<strong>(M\u00fclga ibare:RG-30\/10\/2011-28100)<\/strong>\u00a0(\u2026) m\u00fclki idare amirli\u011fine yaparlar.<\/p>\n\n\n\n<p>a) En az\nbir y\u0131ldan beri faaliyette bulunmas\u0131,<\/p>\n\n\n\n<p>b)&nbsp;Dernek\n\u00fcye listesi,<\/p>\n\n\n\n<p>c)&nbsp;Derne\u011fin\nfaaliyetleri, yapt\u0131\u011f\u0131 hizmetler ve gelecekte yap\u0131lmas\u0131 d\u00fc\u015f\u00fcn\u00fclen i\u015fler hakk\u0131nda\nrapor,<\/p>\n\n\n\n<p>d)&nbsp;\u0130zne\ntabi kelimelerin kullan\u0131lmas\u0131 i\u00e7in genel kurulun ald\u0131\u011f\u0131 karar \u00f6rne\u011fi.<\/p>\n\n\n\n<p><strong>\u0130zin<\/strong><\/p>\n\n\n\n<p>\u00a0\u0130lgili valilik, taleple ilgili gerekli ara\u015ft\u0131rmay\u0131 yapt\u0131ktan sonra, izin talebini valilik g\u00f6r\u00fc\u015f\u00fc ile birlikte bir ay i\u00e7inde Bakanl\u0131\u011fa g\u00f6nderir.<\/p>\n\n\n\n<p>Bakanl\u0131k,\ngerekli incelemeyi yaparak, gerekti\u011finde ilgili bakanl\u0131klar\u0131n da g\u00f6r\u00fc\u015f\u00fcn\u00fc\nald\u0131ktan sonra ba\u015fvuruyu karara ba\u011flar. Sonu\u00e7, Bakanl\u0131k\u00e7a ilgili valili\u011fe bildirilir\nve valilik taraf\u0131ndan da ilgili derne\u011fe bilgi verilir.<\/p>\n","protected":false},"excerpt":{"rendered":"<p>Dernek adlar\u0131nda; T\u00fcrk, T\u00fcrkiye, Milli, Cumhuriyet, Atat\u00fcrk, Mustafa Kemal kelimeleri ile bunlar\u0131n ba\u015f ve sonlar\u0131na getirilen eklerle olu\u015fturulan kelimeler, ilgili bakanl\u0131klar\u0131n g\u00f6r\u00fc\u015f\u00fc al\u0131nmak suretiyle Bakanl\u0131\u011f\u0131n izni ile kullan\u0131labilir. \u0130zin almak i\u00e7in ba\u015fvuracak derneklerde a\u015fa\u011f\u0131daki \u015fartlar aran\u0131r: a) En az bir y\u0131ldan beri faaliyette bulunmas\u0131, b) Amac\u0131 ve bu amac\u0131 ger\u00e7ekle\u015ftirmek i\u00e7in giri\u015fti\u011fi faaliyetler ve yapt\u0131\u011f\u0131&hellip; <br \/> <a class=\"read-more\" href=\"http:\/\/www.dernekdanismani.org\/index.php\/dernek-isimlerinde-izinle-kullanilacak-kelimeler-neler\/\">Devam\u0131<\/a><\/p>\n","protected":false},"author":1,"featured_media":0,"parent":0,"menu_order":0,"comment_status":"closed","ping_status":"closed","template":"","meta":{"footnotes":""},"class_list":["post-358","page","type-page","status-publish","hentry"],"_links":{"self":[{"href":"http:\/\/www.dernekdanismani.org\/index.php\/wp-json\/wp\/v2\/pages\/358","targetHints":{"allow":["GET"]}}],"collection":[{"href":"http:\/\/www.dernekdanismani.org\/index.php\/wp-json\/wp\/v2\/pages"}],"about":[{"href":"http:\/\/www.dernekdanismani.org\/index.php\/wp-json\/wp\/v2\/types\/page"}],"author":[{"embeddable":true,"href":"http:\/\/www.dernekdanismani.org\/index.php\/wp-json\/wp\/v2\/users\/1"}],"replies":[{"embeddable":true,"href":"http:\/\/www.dernekdanismani.org\/index.php\/wp-json\/wp\/v2\/comments?post=358"}],"version-history":[{"count":1,"href":"http:\/\/www.dernekdanismani.org\/index.php\/wp-json\/wp\/v2\/pages\/358\/revisions"}],"predecessor-version":[{"id":359,"href":"http:\/\/www.dernekdanismani.org\/index.php\/wp-json\/wp\/v2\/pages\/358\/revisions\/359"}],"wp:attachment":[{"href":"http:\/\/www.dernekdanismani.org\/index.php\/wp-json\/wp\/v2\/media?parent=358"}],"curies":[{"name":"wp","href":"https:\/\/api.w.org\/{rel}","templated":true}]}}