{"id":355,"date":"2020-06-02T16:33:49","date_gmt":"2020-06-02T16:33:49","guid":{"rendered":"http:\/\/www.dernekdanismani.org\/?page_id=355"},"modified":"2020-06-02T16:33:49","modified_gmt":"2020-06-02T16:33:49","slug":"federasyon-ve-konfederasyon-uye-sayisi-tehlike-sinirina-duserse-ne-yapilmali","status":"publish","type":"page","link":"http:\/\/www.dernekdanismani.org\/index.php\/federasyon-ve-konfederasyon-uye-sayisi-tehlike-sinirina-duserse-ne-yapilmali\/","title":{"rendered":"Federasyon ve Konfederasyon \u00fcye say\u0131s\u0131 tehlike s\u0131n\u0131r\u0131na d\u00fc\u015ferse ne yap\u0131lmal\u0131 ?"},"content":{"rendered":"\n<p>Federasyonlar\u0131n \u00fcye say\u0131s\u0131n\u0131n be\u015ften ve konfederasyonlar\u0131n \u00fcye say\u0131s\u0131n\u0131n \u00fc\u00e7ten a\u015fa\u011f\u0131 d\u00fc\u015ft\u00fc\u011f\u00fc ve bu durum \u00fc\u00e7 ay i\u00e7inde giderilmedi\u011fi takdirde haklar\u0131nda kendili\u011finden sona erme h\u00fck\u00fcmleri uygulan\u0131r. Federasyonlar ve konfederasyonlar temsilcilik d\u0131\u015f\u0131nda her ne ad alt\u0131nda olursa olsun, ba\u015fka bir \u00f6rg\u00fct kuramazlar <\/p>\n","protected":false},"excerpt":{"rendered":"<p>Federasyonlar\u0131n \u00fcye say\u0131s\u0131n\u0131n be\u015ften ve konfederasyonlar\u0131n \u00fcye say\u0131s\u0131n\u0131n \u00fc\u00e7ten a\u015fa\u011f\u0131 d\u00fc\u015ft\u00fc\u011f\u00fc ve bu durum \u00fc\u00e7 ay i\u00e7inde giderilmedi\u011fi takdirde haklar\u0131nda kendili\u011finden sona erme h\u00fck\u00fcmleri uygulan\u0131r. Federasyonlar ve konfederasyonlar temsilcilik d\u0131\u015f\u0131nda her ne ad alt\u0131nda olursa olsun, ba\u015fka bir \u00f6rg\u00fct kuramazlar<\/p>\n","protected":false},"author":1,"featured_media":0,"parent":0,"menu_order":0,"comment_status":"closed","ping_status":"closed","template":"","meta":{"footnotes":""},"class_list":["post-355","page","type-page","status-publish","hentry"],"_links":{"self":[{"href":"http:\/\/www.dernekdanismani.org\/index.php\/wp-json\/wp\/v2\/pages\/355","targetHints":{"allow":["GET"]}}],"collection":[{"href":"http:\/\/www.dernekdanismani.org\/index.php\/wp-json\/wp\/v2\/pages"}],"about":[{"href":"http:\/\/www.dernekdanismani.org\/index.php\/wp-json\/wp\/v2\/types\/page"}],"author":[{"embeddable":true,"href":"http:\/\/www.dernekdanismani.org\/index.php\/wp-json\/wp\/v2\/users\/1"}],"replies":[{"embeddable":true,"href":"http:\/\/www.dernekdanismani.org\/index.php\/wp-json\/wp\/v2\/comments?post=355"}],"version-history":[{"count":1,"href":"http:\/\/www.dernekdanismani.org\/index.php\/wp-json\/wp\/v2\/pages\/355\/revisions"}],"predecessor-version":[{"id":356,"href":"http:\/\/www.dernekdanismani.org\/index.php\/wp-json\/wp\/v2\/pages\/355\/revisions\/356"}],"wp:attachment":[{"href":"http:\/\/www.dernekdanismani.org\/index.php\/wp-json\/wp\/v2\/media?parent=355"}],"curies":[{"name":"wp","href":"https:\/\/api.w.org\/{rel}","templated":true}]}}