{"id":352,"date":"2020-06-02T16:07:26","date_gmt":"2020-06-02T16:07:26","guid":{"rendered":"http:\/\/www.dernekdanismani.org\/?page_id=352"},"modified":"2020-09-18T10:33:43","modified_gmt":"2020-09-18T10:33:43","slug":"yonetim-ve-denetim-kurulu-uyelerine-ucret-odenebilir-mi","status":"publish","type":"page","link":"http:\/\/www.dernekdanismani.org\/index.php\/yonetim-ve-denetim-kurulu-uyelerine-ucret-odenebilir-mi\/","title":{"rendered":"Y\u00f6netim ve Denetim Kurulu \u00fcyelerine \u00fccret \u00f6denebilir mi ?"},"content":{"rendered":"\n<p> Dernek Y\u00f6netim ve Denetim kurullar\u0131n\u0131n kamu g\u00f6revlisi olmayan Ba\u015fkan ve \u00fcyelerine \u00fccret verilebilir. Verilecek \u00fccret ile her t\u00fcrl\u00fc \u00f6denek, yolluk ve tazminatlar Genel kurul taraf\u0131ndan tespit olunur. Y\u00f6netim ve denetim kurulu \u00fcyeleri d\u0131\u015f\u0131ndaki \u00fcyelere \u00fccret, huzur hakk\u0131 veya ba\u015fka bir ad alt\u0131nda herhangi bir kar\u015f\u0131l\u0131k \u00f6denemez. \u00a0 Dernek hizmetleri i\u00e7in g\u00f6revlendirilecek \u00fcyelere verilecek g\u00fcndelik ve yolluk miktarlar\u0131 Genel kurul taraf\u0131ndan tespit olunur. (5253 D.K.M.13) <\/p>\n\n\n\n<p> \u0097<strong>Kamu g\u00f6revlisi<\/strong>ne dernek y\u00f6neticili\u011finden dolay\u0131 ya da dernekte ald\u0131\u011f\u0131 bir g\u00f6rev veya i\u015ften dolay\u0131 \u00fccret \u00f6denemez. Ayr\u0131ca mesai saatleri i\u00e7inde dernek ve vak\u0131f hizmetlerinde \u00e7al\u0131\u015ft\u0131r\u0131lamaz ve mesai saatleri d\u0131\u015f\u0131nda \u00e7al\u0131\u015ft\u0131r\u0131ld\u0131\u011f\u0131nda da kendisine \u00fccret \u00f6denmez (Vakf. Gen. M\u00fcd. 2004\/15 s.gen.)  (\u0130\u00e7i\u015fleri Bakanl\u0131\u011f\u0131 2005\/37 S.genelge) <\/p>\n","protected":false},"excerpt":{"rendered":"<p>Dernek Y\u00f6netim ve Denetim kurullar\u0131n\u0131n kamu g\u00f6revlisi olmayan Ba\u015fkan ve \u00fcyelerine \u00fccret verilebilir. Verilecek \u00fccret ile her t\u00fcrl\u00fc \u00f6denek, yolluk ve tazminatlar Genel kurul taraf\u0131ndan tespit olunur. Y\u00f6netim ve denetim kurulu \u00fcyeleri d\u0131\u015f\u0131ndaki \u00fcyelere \u00fccret, huzur hakk\u0131 veya ba\u015fka bir ad alt\u0131nda herhangi bir kar\u015f\u0131l\u0131k \u00f6denemez. \u00a0 Dernek hizmetleri i\u00e7in g\u00f6revlendirilecek \u00fcyelere verilecek g\u00fcndelik ve&hellip; <br \/> <a class=\"read-more\" href=\"http:\/\/www.dernekdanismani.org\/index.php\/yonetim-ve-denetim-kurulu-uyelerine-ucret-odenebilir-mi\/\">Devam\u0131<\/a><\/p>\n","protected":false},"author":1,"featured_media":0,"parent":0,"menu_order":0,"comment_status":"closed","ping_status":"closed","template":"","meta":{"footnotes":""},"class_list":["post-352","page","type-page","status-publish","hentry"],"_links":{"self":[{"href":"http:\/\/www.dernekdanismani.org\/index.php\/wp-json\/wp\/v2\/pages\/352","targetHints":{"allow":["GET"]}}],"collection":[{"href":"http:\/\/www.dernekdanismani.org\/index.php\/wp-json\/wp\/v2\/pages"}],"about":[{"href":"http:\/\/www.dernekdanismani.org\/index.php\/wp-json\/wp\/v2\/types\/page"}],"author":[{"embeddable":true,"href":"http:\/\/www.dernekdanismani.org\/index.php\/wp-json\/wp\/v2\/users\/1"}],"replies":[{"embeddable":true,"href":"http:\/\/www.dernekdanismani.org\/index.php\/wp-json\/wp\/v2\/comments?post=352"}],"version-history":[{"count":2,"href":"http:\/\/www.dernekdanismani.org\/index.php\/wp-json\/wp\/v2\/pages\/352\/revisions"}],"predecessor-version":[{"id":368,"href":"http:\/\/www.dernekdanismani.org\/index.php\/wp-json\/wp\/v2\/pages\/352\/revisions\/368"}],"wp:attachment":[{"href":"http:\/\/www.dernekdanismani.org\/index.php\/wp-json\/wp\/v2\/media?parent=352"}],"curies":[{"name":"wp","href":"https:\/\/api.w.org\/{rel}","templated":true}]}}