{"id":320,"date":"2019-04-02T16:22:54","date_gmt":"2019-04-02T16:22:54","guid":{"rendered":"http:\/\/www.dernekdanismani.org\/?page_id=320"},"modified":"2020-09-18T10:38:34","modified_gmt":"2020-09-18T10:38:34","slug":"diger-hizmetlerimiz","status":"publish","type":"page","link":"http:\/\/www.dernekdanismani.org\/index.php\/diger-hizmetlerimiz\/","title":{"rendered":"D\u0130\u011eER H\u0130ZMETLER\u0130M\u0130Z"},"content":{"rendered":"\n<p>\u0130\u015eKUR TE\u015eV\u0130KLER\u0130<\/p>\n\n\n\n<p>KOSGEB TE\u015eV\u0130KLER\u0130<\/p>\n\n\n\n<p>SGK TE\u015eV\u0130KLER\u0130 ( 2011 y\u0131l\u0131ndan itibaren Te\u015fvik geri iade talebi) <\/p>\n\n\n\n<p>YABANCI \u00c7ALI\u015eTIRMA \u0130Z\u0130N BELGES\u0130<\/p>\n\n\n\n<p>MARKA TESC\u0130L ve PATENT \u0130\u015eLEMLER\u0130<\/p>\n\n\n\n<p>\u0130SO KAL\u0130TE BELGE \u0130\u015eLEMLER\u0130<\/p>\n\n\n\n<p>\n\nDEVLET H\u0130BELER\u0130 (Tkdk, Tar\u0131m Bakanl\u0131\u011f\u0131, Ticaret Bakanl\u0131\u011f\u0131, Tubitak, Merkezi Finans, Kalk\u0131nma Ajanslar\u0131, Ulusal Ajans vs.)\n\n<\/p>\n","protected":false},"excerpt":{"rendered":"<p>\u0130\u015eKUR TE\u015eV\u0130KLER\u0130 KOSGEB TE\u015eV\u0130KLER\u0130 SGK TE\u015eV\u0130KLER\u0130 ( 2011 y\u0131l\u0131ndan itibaren Te\u015fvik geri iade talebi) YABANCI \u00c7ALI\u015eTIRMA \u0130Z\u0130N BELGES\u0130 MARKA TESC\u0130L ve PATENT \u0130\u015eLEMLER\u0130 \u0130SO KAL\u0130TE BELGE \u0130\u015eLEMLER\u0130 DEVLET H\u0130BELER\u0130 (Tkdk, Tar\u0131m Bakanl\u0131\u011f\u0131, Ticaret Bakanl\u0131\u011f\u0131, Tubitak, Merkezi Finans, Kalk\u0131nma Ajanslar\u0131, Ulusal Ajans vs.)<\/p>\n","protected":false},"author":1,"featured_media":0,"parent":0,"menu_order":0,"comment_status":"closed","ping_status":"closed","template":"","meta":{"footnotes":""},"class_list":["post-320","page","type-page","status-publish","hentry"],"_links":{"self":[{"href":"http:\/\/www.dernekdanismani.org\/index.php\/wp-json\/wp\/v2\/pages\/320","targetHints":{"allow":["GET"]}}],"collection":[{"href":"http:\/\/www.dernekdanismani.org\/index.php\/wp-json\/wp\/v2\/pages"}],"about":[{"href":"http:\/\/www.dernekdanismani.org\/index.php\/wp-json\/wp\/v2\/types\/page"}],"author":[{"embeddable":true,"href":"http:\/\/www.dernekdanismani.org\/index.php\/wp-json\/wp\/v2\/users\/1"}],"replies":[{"embeddable":true,"href":"http:\/\/www.dernekdanismani.org\/index.php\/wp-json\/wp\/v2\/comments?post=320"}],"version-history":[{"count":2,"href":"http:\/\/www.dernekdanismani.org\/index.php\/wp-json\/wp\/v2\/pages\/320\/revisions"}],"predecessor-version":[{"id":369,"href":"http:\/\/www.dernekdanismani.org\/index.php\/wp-json\/wp\/v2\/pages\/320\/revisions\/369"}],"wp:attachment":[{"href":"http:\/\/www.dernekdanismani.org\/index.php\/wp-json\/wp\/v2\/media?parent=320"}],"curies":[{"name":"wp","href":"https:\/\/api.w.org\/{rel}","templated":true}]}}