{"id":279,"date":"2019-02-03T12:50:42","date_gmt":"2019-02-03T12:50:42","guid":{"rendered":"http:\/\/www.dernekdanismani.org\/?page_id=279"},"modified":"2019-02-03T12:50:42","modified_gmt":"2019-02-03T12:50:42","slug":"alindi-belgesi-nasil-doldurulur","status":"publish","type":"page","link":"http:\/\/www.dernekdanismani.org\/index.php\/alindi-belgesi-nasil-doldurulur\/","title":{"rendered":"Al\u0131nd\u0131 Belgesi nas\u0131l doldurulur ?"},"content":{"rendered":"<p><br \/><!--StartFragment--><\/p>\n\n\n<p>Dernekler, elde edecekleri Gelirleri, ya banka hesab\u0131na yat\u0131r\u0131larak, yada Al\u0131nd\u0131 Belgesi d\u00fczenleyerek belgelendire bilirler. Dernekler, \u00fcyelerden alabilecekleri <strong>\u2018\u2019 \u00dcye Aidat\u0131 \u2018\u2019, \u2018\u2019 Ba\u011f\u0131\u015f \u2018\u2019<\/strong> gibi Gelirleri <strong>Al\u0131nd\u0131 Makbuzu<\/strong> ile tahsil edebilirler. <\/p>\n\n\n\n<p>Derneklerin\nAl\u0131nd\u0131 Belgesi d\u00fczenlerken yapt\u0131klar\u0131 hatalardan biri, \u00f6demeyi (aidat\u0131\/ba\u011f\u0131\u015f\u0131)\nyapan ki\u015finin TC Kimlik numaras\u0131n\u0131n ya da vergi numaras\u0131n\u0131n makbuza\nyaz\u0131lmamas\u0131d\u0131r. San\u0131lan\u0131n aksine \u00f6demeyi (aidat\u0131\/ ba\u011f\u0131\u015f\u0131) yapan ki\u015fi ya da\nkurumun ad\u0131n\u0131 yazmak mecburi de\u011fildir. Ba\u011f\u0131\u015f\u00e7\u0131lar isterlerse isimlerini gizli\ntutabilme hakk\u0131na sahiptirler. \u00d6demeyi yapan ger\u00e7ek ki\u015fi ise; TC Kimlik\nnumaras\u0131, t\u00fczel ki\u015fi ise; vergi numaras\u0131 mutlaka yaz\u0131lmal\u0131d\u0131r.<\/p>\n\n\n\n<p>Kanunen\nbankaya gelen aidat veya ba\u011f\u0131\u015flara Al\u0131nd\u0131 Belgesi d\u00fczenleme zorunlulu\u011fu\nbulunmamaktad\u0131r. Ancak, \u00f6demeyi yapan ki\u015fi ya da kurumun makbuz talep etmesi\ndurumunda makbuz d\u00fczenlememiz gereklidir. Bankaya gelen \u00f6demelere Al\u0131nd\u0131\nBelgesi keserken iki konuya dikkat etmek gerekir:<\/p>\n\n\n\n<p>Birincisi,\nAl\u0131nd\u0131 Belgesi\u2019nin tarihi mutlaka \u00f6demenin banka hesab\u0131na geldi\u011fi tarihle\nbirebir ayn\u0131 olmal\u0131d\u0131r. Bu durum makbuz ko\u00e7anlar\u0131ndaki tarih devaml\u0131l\u0131\u011f\u0131n\u0131\nbozaca\u011f\u0131ndan dolay\u0131, nakit tahsilatlar\u0131 i\u00e7in ayr\u0131, banka tahsilatlar\u0131 i\u00e7in ayr\u0131\nko\u00e7an kullan\u0131lmas\u0131n\u0131 tavsiye etmekteyiz.<\/p>\n\n\n\n<p>Dikkat\nedece\u011fimiz ikinci husus ise; makbuzun herhangi bir yerine \u2018\u2019Banka\u2019\u2019 ibaresinin\nyaz\u0131lmas\u0131d\u0131r. Aksi takdirde muhasebe kay\u0131tlar\u0131n\u0131 yapan ki\u015fi s\u00f6z konusu geliri\niki defa girebilir ve hesaplarda tutars\u0131zl\u0131k olu\u015fabilir.<\/p>\n\n\n\n<p>Gelirin \u00e7e\u015fidi b\u00f6l\u00fcm\u00fcne <strong>\u2018\u2019Ba\u011f\u0131\u015f\u2019\u2019 ve \u2018\u2019 Aidat\u2019\u2019 <\/strong>kelimeleri d\u0131\u015f\u0131nda hi\u00e7bir \u015fey yaz\u0131lmamal\u0131d\u0131r.<\/p>\n\n\n\n<p>\u2018\u2019Sponsorluk\u2019\u2019,\n\u2018\u2019 \u2026\u2026. Geliri\u2019\u2019, \u2018\u2019\u2026\u2026\u2026 Sat\u0131\u015f\u0131\u2019\u2019 gibi ibareler derne\u011fi vergisel anlamda\ns\u0131k\u0131nt\u0131ya sokabilir.<\/p>\n\n\n\n<p>Alnd\u0131 Belgesi\u2019ni y\u00f6netim kurulu \u00fcyeleri d\u0131\u015f\u0131nda biri imzalayacak ise o ki\u015fi ya da ki\u015filer ad\u0131na mutlaka <strong>Yetki Belgesi<\/strong> d\u00fczenlemelidir. Aksi takdirde haklar\u0131nda zimmete para ge\u00e7irme davas\u0131 bile a\u00e7\u0131labilir.<\/p>\n\n\n<p><!--EndFragment--><br>\n<br>\n<\/p>","protected":false},"excerpt":{"rendered":"<p>Dernekler, elde edecekleri Gelirleri, ya banka hesab\u0131na yat\u0131r\u0131larak, yada Al\u0131nd\u0131 Belgesi d\u00fczenleyerek belgelendire bilirler. Dernekler, \u00fcyelerden alabilecekleri \u2018\u2019 \u00dcye Aidat\u0131 \u2018\u2019, \u2018\u2019 Ba\u011f\u0131\u015f \u2018\u2019 gibi Gelirleri Al\u0131nd\u0131 Makbuzu ile tahsil edebilirler. Derneklerin Al\u0131nd\u0131 Belgesi d\u00fczenlerken yapt\u0131klar\u0131 hatalardan biri, \u00f6demeyi (aidat\u0131\/ba\u011f\u0131\u015f\u0131) yapan ki\u015finin TC Kimlik numaras\u0131n\u0131n ya da vergi numaras\u0131n\u0131n makbuza yaz\u0131lmamas\u0131d\u0131r. San\u0131lan\u0131n aksine \u00f6demeyi (aidat\u0131\/&hellip; <br \/> <a class=\"read-more\" href=\"http:\/\/www.dernekdanismani.org\/index.php\/alindi-belgesi-nasil-doldurulur\/\">Devam\u0131<\/a><\/p>\n","protected":false},"author":1,"featured_media":0,"parent":0,"menu_order":0,"comment_status":"closed","ping_status":"closed","template":"","meta":{"footnotes":""},"class_list":["post-279","page","type-page","status-publish","hentry"],"_links":{"self":[{"href":"http:\/\/www.dernekdanismani.org\/index.php\/wp-json\/wp\/v2\/pages\/279","targetHints":{"allow":["GET"]}}],"collection":[{"href":"http:\/\/www.dernekdanismani.org\/index.php\/wp-json\/wp\/v2\/pages"}],"about":[{"href":"http:\/\/www.dernekdanismani.org\/index.php\/wp-json\/wp\/v2\/types\/page"}],"author":[{"embeddable":true,"href":"http:\/\/www.dernekdanismani.org\/index.php\/wp-json\/wp\/v2\/users\/1"}],"replies":[{"embeddable":true,"href":"http:\/\/www.dernekdanismani.org\/index.php\/wp-json\/wp\/v2\/comments?post=279"}],"version-history":[{"count":1,"href":"http:\/\/www.dernekdanismani.org\/index.php\/wp-json\/wp\/v2\/pages\/279\/revisions"}],"predecessor-version":[{"id":280,"href":"http:\/\/www.dernekdanismani.org\/index.php\/wp-json\/wp\/v2\/pages\/279\/revisions\/280"}],"wp:attachment":[{"href":"http:\/\/www.dernekdanismani.org\/index.php\/wp-json\/wp\/v2\/media?parent=279"}],"curies":[{"name":"wp","href":"https:\/\/api.w.org\/{rel}","templated":true}]}}