{"id":266,"date":"2019-02-03T12:33:55","date_gmt":"2019-02-03T12:33:55","guid":{"rendered":"http:\/\/www.dernekdanismani.org\/?page_id=266"},"modified":"2019-02-03T12:33:55","modified_gmt":"2019-02-03T12:33:55","slug":"dernek-baskani-istifa-ederse-yenisi-nasil-secilir","status":"publish","type":"page","link":"http:\/\/www.dernekdanismani.org\/index.php\/dernek-baskani-istifa-ederse-yenisi-nasil-secilir\/","title":{"rendered":"Dernek Ba\u015fkan\u0131 istifa ederse yenisi nas\u0131l se\u00e7ilir ?"},"content":{"rendered":"\n<p> Dernek organlar\u0131ndaki de\u011fi\u015fikliklerin dernek t\u00fcz\u00fc\u011f\u00fcnde belirtilen h\u00fckme uygun olarak yap\u0131lmas\u0131 gerekmektedir. Dernek t\u00fcz\u00fc\u011f\u00fcnde Y\u00f6netim Kurulu Ba\u015fkan\u0131n\u0131n do\u011frudan genel kurul taraf\u0131ndan se\u00e7ilece\u011fi y\u00f6n\u00fcnde bir d\u00fczenleme bulunmamas\u0131 kayd\u0131yla dernek y\u00f6netim kurulunun g\u00f6rev da\u011f\u0131l\u0131m\u0131 al\u0131nacak kararla yeniden belirlenebilir. Y\u00f6netim Kurulu Ba\u015fkan\u0131 veya \u00fcyesi istifa etti\u011finde ilk yedek Y\u00f6netim Kurulu \u00fcyesinden ba\u015flanarak \u00e7a\u011fr\u0131 yap\u0131l\u0131r. Eksik \u00fcyenin tamamlanmas\u0131yla Y\u00f6netim kurulu g\u00f6rev da\u011f\u0131l\u0131m\u0131 yeniden belirlenir. E\u011fer, Dernek Ba\u015fkan\u0131 istifa etmemi\u015fse, yeniden g\u00f6rev da\u011f\u0131l\u0131m\u0131na gerek kalmaz. Ancak, \u00fcyeler aras\u0131nda g\u00f6rev de\u011fi\u015fikli\u011fi olacaksa yeniden g\u00f6revlendirme yap\u0131labilir. Bu de\u011fi\u015fikli\u011fin, de\u011fi\u015fikli\u011fi izleyen otuz g\u00fcn i\u00e7inde m\u00fclki idare amirli\u011fine Derbis sisteminden bildirilmesi gerekmektedir. <\/p>\n","protected":false},"excerpt":{"rendered":"<p>Dernek organlar\u0131ndaki de\u011fi\u015fikliklerin dernek t\u00fcz\u00fc\u011f\u00fcnde belirtilen h\u00fckme uygun olarak yap\u0131lmas\u0131 gerekmektedir. Dernek t\u00fcz\u00fc\u011f\u00fcnde Y\u00f6netim Kurulu Ba\u015fkan\u0131n\u0131n do\u011frudan genel kurul taraf\u0131ndan se\u00e7ilece\u011fi y\u00f6n\u00fcnde bir d\u00fczenleme bulunmamas\u0131 kayd\u0131yla dernek y\u00f6netim kurulunun g\u00f6rev da\u011f\u0131l\u0131m\u0131 al\u0131nacak kararla yeniden belirlenebilir. Y\u00f6netim Kurulu Ba\u015fkan\u0131 veya \u00fcyesi istifa etti\u011finde ilk yedek Y\u00f6netim Kurulu \u00fcyesinden ba\u015flanarak \u00e7a\u011fr\u0131 yap\u0131l\u0131r. Eksik \u00fcyenin tamamlanmas\u0131yla Y\u00f6netim kurulu&hellip; <br \/> <a class=\"read-more\" href=\"http:\/\/www.dernekdanismani.org\/index.php\/dernek-baskani-istifa-ederse-yenisi-nasil-secilir\/\">Devam\u0131<\/a><\/p>\n","protected":false},"author":1,"featured_media":0,"parent":0,"menu_order":0,"comment_status":"closed","ping_status":"closed","template":"","meta":{"footnotes":""},"class_list":["post-266","page","type-page","status-publish","hentry"],"_links":{"self":[{"href":"http:\/\/www.dernekdanismani.org\/index.php\/wp-json\/wp\/v2\/pages\/266","targetHints":{"allow":["GET"]}}],"collection":[{"href":"http:\/\/www.dernekdanismani.org\/index.php\/wp-json\/wp\/v2\/pages"}],"about":[{"href":"http:\/\/www.dernekdanismani.org\/index.php\/wp-json\/wp\/v2\/types\/page"}],"author":[{"embeddable":true,"href":"http:\/\/www.dernekdanismani.org\/index.php\/wp-json\/wp\/v2\/users\/1"}],"replies":[{"embeddable":true,"href":"http:\/\/www.dernekdanismani.org\/index.php\/wp-json\/wp\/v2\/comments?post=266"}],"version-history":[{"count":1,"href":"http:\/\/www.dernekdanismani.org\/index.php\/wp-json\/wp\/v2\/pages\/266\/revisions"}],"predecessor-version":[{"id":267,"href":"http:\/\/www.dernekdanismani.org\/index.php\/wp-json\/wp\/v2\/pages\/266\/revisions\/267"}],"wp:attachment":[{"href":"http:\/\/www.dernekdanismani.org\/index.php\/wp-json\/wp\/v2\/media?parent=266"}],"curies":[{"name":"wp","href":"https:\/\/api.w.org\/{rel}","templated":true}]}}