{"id":246,"date":"2019-02-02T15:50:58","date_gmt":"2019-02-02T15:50:58","guid":{"rendered":"http:\/\/www.dernekdanismani.org\/?page_id=246"},"modified":"2019-02-02T15:53:24","modified_gmt":"2019-02-02T15:53:24","slug":"egitim","status":"publish","type":"page","link":"http:\/\/www.dernekdanismani.org\/index.php\/egitim\/","title":{"rendered":"E\u011e\u0130T\u0130M"},"content":{"rendered":"\n<p><strong>E\u011fitim\nve Seminer Pro\u011fram\u0131<\/strong><\/p>\n\n\n\n<p>Dernek,\nFederasyon ve Konfederasyon kurulu\u015flar\u0131na Dernek \u0130\u015fleyi\u015fi ile ilgili olarak\nferdi veya toplu E\u011fitim ve Seminer vermekteyiz. <\/p>\n\n\n\n<p>E\u011fitim ve\nSeminer konular\u0131 \u015fu \u015fekildedir:<\/p>\n\n\n\n<ol class=\"wp-block-list\"><li>Kurulu\u015f\n\u0130\u015flemleri &nbsp;<\/li><li>T\u00fcz\u00fck\nnas\u0131l haz\u0131rlan\u0131r ?<\/li><li>Dernek,\nFederasyon, Konfederasyon Kurulu\u015fu<\/li><li>\u0130ktisadi\ni\u015fletme, Lokal, Spor Kul\u00fcb\u00fc Kurulu\u015fu<\/li><\/ol>\n\n\n\n<p>&nbsp;&nbsp;&nbsp;&nbsp; 2-&nbsp; Tutulmas\u0131\nzorunlu Defterler<\/p>\n\n\n\n<ul class=\"wp-block-list\"><li>Karar\nDefteri nas\u0131l tutulur ?<\/li><li>\u00dcye\ndefteri nas\u0131l tutulur ?<\/li><li>Evrak\nKay\u0131t defteri nas\u0131l tutulur ?<\/li><li>\u0130\u015fletme\ndefteri nas\u0131l tutulur ?<\/li><li>Bilan\u00e7o\nusul\u00fc defter nas\u0131l tutulur ?<\/li><li>Al\u0131nd\u0131\nBelgesi defteri nas\u0131l tutulur ?<\/li><li>Demirba\u015f\ndefteri nas\u0131l tutulur ?<\/li><li>Defter\ntutulurken s\u0131k\u00e7a yap\u0131lan hatalar nelerdir ?<\/li><\/ul>\n\n\n\n<p>3-\n\u00dcyelerle ilgili i\u015flemler nelerdir? \u00dcye yap\u0131l\u0131rken nelere dikkat etmek gerekir?\n\u00dcye ayr\u0131l\u0131rken hangi i\u015flemler yap\u0131l\u0131r ? \u00dcyelerle yaz\u0131\u015fma nas\u0131l yap\u0131l\u0131r ?<\/p>\n\n\n\n<p>4-\nGelen Evrak-Giden Evrak belgeleri nas\u0131l takip edilir ?<\/p>\n\n\n\n<p>5-\n\u0130\u00e7 Denetim Raporu nas\u0131l haz\u0131rlan\u0131r ?<\/p>\n\n\n\n<p>6-\nDernek Beyannamesi d\u00fczenlenirken nereler dikkat etmek gerekir?<\/p>\n\n\n\n<p>7-\nDernekler Denetime nas\u0131l haz\u0131rlan\u0131r? Hangi belgelere dikkat edilir ?<\/p>\n\n\n\n<p>8-\nGenel Kurul nas\u0131l yap\u0131l\u0131r ? Genel kurul \u00f6ncesinde, esnas\u0131nda ve sonras\u0131nda\nhangi i\u015flemler yap\u0131l\u0131r ? Genel kurul dosyas\u0131 nas\u0131l olu\u015fturulur ?<\/p>\n\n\n\n<p>9-\nDernek Gelirleri nelerdir? Aidat ve Ba\u011f\u0131\u015f nas\u0131l toplan\u0131r? <\/p>\n\n\n\n<p>10-\nGelir elde etmek amac\u0131yla Kermes, Konser, e\u011flence gibi etkinlikler nas\u0131l\nyap\u0131l\u0131r? Nas\u0131l takip edilir?<\/p>\n\n\n\n<p>11-\nYetki Belgesi nas\u0131l \u00e7\u0131kart\u0131l\u0131r ? Al\u0131nd\u0131 Belgesi nas\u0131l doldurulur ?<\/p>\n\n\n\n<p>12-\nHarcama belgeleri nelerden olu\u015fur? Dernek hangi harcamalar\u0131 yapabilir?<\/p>\n\n\n\n<p>13-\nDernek Ayni Ba\u011f\u0131\u015f alabilir mi? Ayni Ba\u011f\u0131\u015f yapabilir mi ?<\/p>\n\n\n\n<p>14- Gayrimenkullerin tapu\nve kullan\u0131m durumlar\u0131na ili\u015fkin belgeler (Kira kontrat\u0131 vb.) ,<\/p>\n\n\n\n<p>15-\nTa\u015f\u0131t ara\u00e7lar\u0131na ili\u015fkin\nruhsat belgeleri,<\/p>\n\n\n\n<p>16-\nSand\u0131\u011f\u0131 ve ticari i\u015fletmesine ili\u015fkin defter ve belgeler<\/p>\n\n\n\n<p>17-\nDosyalama ve ar\u015fiv nas\u0131l yap\u0131l\u0131r ?<\/p>\n","protected":false},"excerpt":{"rendered":"<p>E\u011fitim ve Seminer Pro\u011fram\u0131 Dernek, Federasyon ve Konfederasyon kurulu\u015flar\u0131na Dernek \u0130\u015fleyi\u015fi ile ilgili olarak ferdi veya toplu E\u011fitim ve Seminer vermekteyiz. E\u011fitim ve Seminer konular\u0131 \u015fu \u015fekildedir: Kurulu\u015f \u0130\u015flemleri &nbsp; T\u00fcz\u00fck nas\u0131l haz\u0131rlan\u0131r ? Dernek, Federasyon, Konfederasyon Kurulu\u015fu \u0130ktisadi i\u015fletme, Lokal, Spor Kul\u00fcb\u00fc Kurulu\u015fu &nbsp;&nbsp;&nbsp;&nbsp; 2-&nbsp; Tutulmas\u0131 zorunlu Defterler Karar Defteri nas\u0131l tutulur ? \u00dcye&hellip; <br \/> <a class=\"read-more\" href=\"http:\/\/www.dernekdanismani.org\/index.php\/egitim\/\">Devam\u0131<\/a><\/p>\n","protected":false},"author":1,"featured_media":249,"parent":0,"menu_order":0,"comment_status":"closed","ping_status":"closed","template":"","meta":{"footnotes":""},"class_list":["post-246","page","type-page","status-publish","has-post-thumbnail","hentry"],"_links":{"self":[{"href":"http:\/\/www.dernekdanismani.org\/index.php\/wp-json\/wp\/v2\/pages\/246","targetHints":{"allow":["GET"]}}],"collection":[{"href":"http:\/\/www.dernekdanismani.org\/index.php\/wp-json\/wp\/v2\/pages"}],"about":[{"href":"http:\/\/www.dernekdanismani.org\/index.php\/wp-json\/wp\/v2\/types\/page"}],"author":[{"embeddable":true,"href":"http:\/\/www.dernekdanismani.org\/index.php\/wp-json\/wp\/v2\/users\/1"}],"replies":[{"embeddable":true,"href":"http:\/\/www.dernekdanismani.org\/index.php\/wp-json\/wp\/v2\/comments?post=246"}],"version-history":[{"count":1,"href":"http:\/\/www.dernekdanismani.org\/index.php\/wp-json\/wp\/v2\/pages\/246\/revisions"}],"predecessor-version":[{"id":247,"href":"http:\/\/www.dernekdanismani.org\/index.php\/wp-json\/wp\/v2\/pages\/246\/revisions\/247"}],"wp:featuredmedia":[{"embeddable":true,"href":"http:\/\/www.dernekdanismani.org\/index.php\/wp-json\/wp\/v2\/media\/249"}],"wp:attachment":[{"href":"http:\/\/www.dernekdanismani.org\/index.php\/wp-json\/wp\/v2\/media?parent=246"}],"curies":[{"name":"wp","href":"https:\/\/api.w.org\/{rel}","templated":true}]}}