{"id":104,"date":"2019-01-30T04:48:46","date_gmt":"2019-01-30T04:48:46","guid":{"rendered":"http:\/\/www.dernekdanismani.org\/?page_id=104"},"modified":"2019-01-30T04:48:46","modified_gmt":"2019-01-30T04:48:46","slug":"federasyon-nasil-kurulur","status":"publish","type":"page","link":"http:\/\/www.dernekdanismani.org\/index.php\/federasyon-nasil-kurulur\/","title":{"rendered":"Federasyon nas\u0131l kurulur ?"},"content":{"rendered":"\n<p>Federasyonlar kurulu\u015f ama\u00e7lar\u0131 ayn\u0131 olan en az be\u015f derne\u011fin bir\naraya gelmesi ile kurulurlar. Federasyonlar, kurulu\u015f bildirimi ve eklerini\nm\u00fclki idare amirli\u011fine vermek suretiyle t\u00fczel ki\u015filik kazan\u0131rlar. Federasyon\nkuracak dernek temsilcileri taraf\u0131ndan imzalanm\u0131\u015f Kurulu\u015f Bildirimi (Dernekler\nY\u00f6netmeli\u011fi Ek-2\u2019de bulunan) ve a\u015fa\u011f\u0131da belirtilen ekler, federasyonun\nkurulaca\u011f\u0131 yerin m\u00fclki idare amirli\u011fine verilir.<\/p>\n\n\n\n<p><strong>1-<\/strong>&nbsp;Kurucu dernek temsilcileri taraf\u0131ndan imzalanm\u0131\u015f iki adet\nfederasyon t\u00fcz\u00fc\u011f\u00fc,<\/p>\n\n\n\n<p><strong>2-<\/strong>&nbsp;Federasyon kurulmas\u0131 y\u00f6n\u00fcnde derneklerce al\u0131nm\u0131\u015f genel kurul\nkarar \u00f6rne\u011fi,<\/p>\n\n\n\n<p><strong>3-<\/strong>&nbsp;Kurucular\u0131n derne\u011fi temsil etmekle yetkilendirildi\u011fine\nili\u015fkin ilgili dernek y\u00f6netim kurullar\u0131n\u0131n karar \u00f6rne\u011fi,<\/p>\n\n\n\n<p><strong>4-<\/strong>&nbsp;Kurucular aras\u0131nda yabanc\u0131 dernek veya dernek ve vak\u0131f\nd\u0131\u015f\u0131nda kar amac\u0131 g\u00fctmeyen kurulu\u015flar bulunmas\u0131 halinde, bu t\u00fczel ki\u015filerin\nfederasyona kurucu olabilmesine dair \u0130\u00e7i\u015fleri Bakanl\u0131\u011f\u0131\u2019nca izin verildi\u011fini\nbelirten federasyon kurucular\u0131 taraf\u0131ndan imzalanm\u0131\u015f yaz\u0131l\u0131 beyan,<\/p>\n\n\n\n<p><strong>5-<\/strong>&nbsp;Ge\u00e7ici y\u00f6netim kurulu \u00fcyeleri ile yaz\u0131\u015fma ve tebligat\u0131\nalmaya yetkili ki\u015fi veya ki\u015filerin ad\u0131, soyad\u0131, yerle\u015fim yerlerini ve\nimzalar\u0131n\u0131 belirten liste veya yaz\u0131,<\/p>\n\n\n\n<p>B\u00fcy\u00fck\u015fehir belediyesi s\u0131n\u0131rlar\u0131 i\u00e7inde kalan il\u00e7eler hari\u00e7 di\u011fer\nil\u00e7elerdeki federasyon kurulu\u015f i\u015flemlerinde istenen belgeler birer artt\u0131r\u0131larak\nverilir.<\/p>\n\n\n\n<p>Federasyonlar\u0131n\n\u00fcye say\u0131s\u0131n\u0131n be\u015ften ve konfederasyonlar\u0131n \u00fcye say\u0131s\u0131n\u0131n \u00fc\u00e7ten a\u015fa\u011f\u0131 d\u00fc\u015ft\u00fc\u011f\u00fc ve\nbu durum \u00fc\u00e7 ay i\u00e7inde giderilmedi\u011fi takdirde haklar\u0131nda kendili\u011finden sona erme\nh\u00fck\u00fcmleri uygulan\u0131r.<\/p>\n\n\n\n<p>&nbsp;&nbsp;&nbsp;&nbsp;&nbsp;&nbsp;&nbsp;&nbsp;&nbsp;&nbsp;&nbsp;\nFederasyonlar ve konfederasyonlar temsilcilik d\u0131\u015f\u0131nda her ne ad alt\u0131nda olursa\nolsun, ba\u015fka bir \u00f6rg\u00fct kuramazlar.<\/p>\n","protected":false},"excerpt":{"rendered":"<p>Federasyonlar kurulu\u015f ama\u00e7lar\u0131 ayn\u0131 olan en az be\u015f derne\u011fin bir araya gelmesi ile kurulurlar. Federasyonlar, kurulu\u015f bildirimi ve eklerini m\u00fclki idare amirli\u011fine vermek suretiyle t\u00fczel ki\u015filik kazan\u0131rlar. Federasyon kuracak dernek temsilcileri taraf\u0131ndan imzalanm\u0131\u015f Kurulu\u015f Bildirimi (Dernekler Y\u00f6netmeli\u011fi Ek-2\u2019de bulunan) ve a\u015fa\u011f\u0131da belirtilen ekler, federasyonun kurulaca\u011f\u0131 yerin m\u00fclki idare amirli\u011fine verilir. 1-&nbsp;Kurucu dernek temsilcileri taraf\u0131ndan imzalanm\u0131\u015f&hellip; <br \/> <a class=\"read-more\" href=\"http:\/\/www.dernekdanismani.org\/index.php\/federasyon-nasil-kurulur\/\">Devam\u0131<\/a><\/p>\n","protected":false},"author":1,"featured_media":0,"parent":0,"menu_order":0,"comment_status":"closed","ping_status":"closed","template":"","meta":{"footnotes":""},"class_list":["post-104","page","type-page","status-publish","hentry"],"_links":{"self":[{"href":"http:\/\/www.dernekdanismani.org\/index.php\/wp-json\/wp\/v2\/pages\/104","targetHints":{"allow":["GET"]}}],"collection":[{"href":"http:\/\/www.dernekdanismani.org\/index.php\/wp-json\/wp\/v2\/pages"}],"about":[{"href":"http:\/\/www.dernekdanismani.org\/index.php\/wp-json\/wp\/v2\/types\/page"}],"author":[{"embeddable":true,"href":"http:\/\/www.dernekdanismani.org\/index.php\/wp-json\/wp\/v2\/users\/1"}],"replies":[{"embeddable":true,"href":"http:\/\/www.dernekdanismani.org\/index.php\/wp-json\/wp\/v2\/comments?post=104"}],"version-history":[{"count":1,"href":"http:\/\/www.dernekdanismani.org\/index.php\/wp-json\/wp\/v2\/pages\/104\/revisions"}],"predecessor-version":[{"id":105,"href":"http:\/\/www.dernekdanismani.org\/index.php\/wp-json\/wp\/v2\/pages\/104\/revisions\/105"}],"wp:attachment":[{"href":"http:\/\/www.dernekdanismani.org\/index.php\/wp-json\/wp\/v2\/media?parent=104"}],"curies":[{"name":"wp","href":"https:\/\/api.w.org\/{rel}","templated":true}]}}